{"id":23,"date":"2020-07-11T11:47:14","date_gmt":"2020-07-11T14:47:14","guid":{"rendered":"http:\/\/192.168.100.8:8888\/blog-saladejustica\/?page_id=23"},"modified":"2026-04-02T07:02:34","modified_gmt":"2026-04-02T10:02:34","slug":"contato","status":"publish","type":"page","link":"https:\/\/saladejustica.com.br\/blog\/contato\/","title":{"rendered":"Contato"},"content":{"rendered":"\n<p>Ficou com alguma d\u00favida, quer fazer algum coment\u00e1rio, ou falar sobre qualquer outro assunto? Entre em contato comigo diretamente pelo e-mail <a href=\"mailto:vinicosta@saladejustica.com.br\">vinicosta@saladejustica.com.br<\/a>.<\/p>\n\n\n\n<p>Se preferir, acesse nossas redes sociais:<\/p>\n\n\n\n<ul style=\"list-style: none;\">\n\t<!--<li>\n\t\t<a class=\"x\" target=\"_blank\" href=\"https:\/\/twitter.com\/salajusticablog\/\" rel=\"noopener noreferrer\">\n            <i class=\"fab fa-twitter\" aria-hidden=\"true\" title=\"twitter\"><\/i>\n            <span class=\"screen-reader-text\">twitter<\/span>\n\t\t\ttwitter.com\/salajusticablog\/\n          <\/a>\n        <\/li>-->\n\t\t<li>\n\t\t\t<a class=\"x\" target=\"_blank\" href=\"https:\/\/x.com\/o_vinicosta\/\" rel=\"noopener noreferrer\">\n\t            <i class=\"fab fa-x\" aria-hidden=\"true\" title=\"x\"><\/i>\n\t            <span class=\"screen-reader-text\">X<\/span>\n\t\t\t\tx.com\/o_vinicosta\/\n\t          <\/a>\n\t        <\/li>\n        \t\t\t\t<li>\n\t\t\t\t  <a class=\"facebook\" target=\"_blank\" href=\"https:\/\/www.facebook.com\/saladejusticablog\/\" rel=\"noopener noreferrer\">\n            <i class=\"fab fa-facebook\" aria-hidden=\"true\" title=\"facebook\"><\/i>\n            <span class=\"screen-reader-text\">facebook<\/span>\n\t\t\tfacebook.com\/saladejusticablog\/\n          <\/a>\n        <\/li>\n        \t\t\t\t<li>\n\t\t\t\t  <a class=\"instagram\" target=\"_blank\" href=\"https:\/\/www.instagram.com\/saladejusticablog\/\" rel=\"noopener noreferrer\">\n            <i class=\"fab fa-instagram\" aria-hidden=\"true\" title=\"instagram\"><\/i>\n            <span class=\"screen-reader-text\">instagram<\/span>\n\t\t\tinstagram.com\/saladejusticablog\/\n          <\/a>\n        <\/li>\n        <\/ul>\n\n\n\n<p>Ou envie sua mensagem atrav\u00e9s do formul\u00e1rio abaixo. Tentarei responder todas as mensagens assim que poss\u00edvel. Obrigado! \ud83d\ude42<\/p>\n\n\n<div class=\"wpforms-container wpforms-container-full\" id=\"wpforms-52\"><form id=\"wpforms-form-52\" class=\"wpforms-validate wpforms-form\" data-formid=\"52\" method=\"post\" enctype=\"multipart\/form-data\" action=\"\/blog\/wp-json\/wp\/v2\/pages\/23\" data-token=\"6e07f8431c7234cd900f0361aaadda47\" data-token-time=\"1776954158\"><noscript class=\"wpforms-error-noscript\">Ative o JavaScript no seu navegador para preencher este formul\u00e1rio.<\/noscript><div class=\"wpforms-field-container\"><div id=\"wpforms-52-field_0-container\" class=\"wpforms-field wpforms-field-name\" data-field-id=\"0\"><label class=\"wpforms-field-label\" for=\"wpforms-52-field_0\">Nome <span class=\"wpforms-required-label\">*<\/span><\/label><input type=\"text\" id=\"wpforms-52-field_0\" class=\"wpforms-field-medium wpforms-field-required\" name=\"wpforms[fields][0]\" required><\/div><div id=\"wpforms-52-field_1-container\" class=\"wpforms-field wpforms-field-email\" data-field-id=\"1\"><label class=\"wpforms-field-label\">E-mail <span class=\"wpforms-required-label\">*<\/span><\/label><div class=\"wpforms-field-row wpforms-field-medium\"><div class=\"wpforms-field-row-block wpforms-one-half wpforms-first\"><input type=\"email\" id=\"wpforms-52-field_1\" class=\"wpforms-field-required wpforms-field-email-primary\" name=\"wpforms[fields][1][primary]\" spellcheck=\"false\" required><label for=\"wpforms-52-field_1\" class=\"wpforms-field-sublabel after\">E-mail<\/label><\/div><div class=\"wpforms-field-row-block wpforms-one-half\"><input type=\"email\" id=\"wpforms-52-field_1-secondary\" class=\"wpforms-field-email-secondary wpforms-field-required\" data-rule-confirm=\"#wpforms-52-field_1\" name=\"wpforms[fields][1][secondary]\" spellcheck=\"false\" required><label for=\"wpforms-52-field_1-secondary\" class=\"wpforms-field-sublabel after\">Confirmar e-mail<\/label><\/div><\/div><\/div><div id=\"wpforms-52-field_2-container\" class=\"wpforms-field wpforms-field-textarea\" data-field-id=\"2\"><label class=\"wpforms-field-label\" for=\"wpforms-52-field_2\">Coment\u00e1rio ou mensagem <span class=\"wpforms-required-label\">*<\/span><\/label><textarea id=\"wpforms-52-field_2\" class=\"wpforms-field-medium wpforms-field-required\" name=\"wpforms[fields][2]\" required><\/textarea><\/div><\/div><!-- .wpforms-field-container --><div class=\"wpforms-field wpforms-field-hp\"><label for=\"wpforms-52-field-hp\" class=\"wpforms-field-label\">Phone<\/label><input type=\"text\" name=\"wpforms[hp]\" id=\"wpforms-52-field-hp\" class=\"wpforms-field-medium\"><\/div><div class=\"wpforms-recaptcha-container wpforms-is-recaptcha wpforms-is-recaptcha-type-v3\" ><input type=\"hidden\" name=\"wpforms[recaptcha]\" value=\"\"><\/div><div class=\"wpforms-submit-container\" ><input type=\"hidden\" name=\"wpforms[id]\" value=\"52\"><input type=\"hidden\" name=\"page_title\" value=\"\"><input type=\"hidden\" name=\"page_url\" value=\"https:\/\/saladejustica.com.br\/blog\/wp-json\/wp\/v2\/pages\/23\"><input type=\"hidden\" name=\"url_referer\" value=\"\"><button type=\"submit\" name=\"wpforms[submit]\" id=\"wpforms-submit-52\" class=\"wpforms-submit\" data-alt-text=\"Enviando...\" data-submit-text=\"Enviar\" aria-live=\"assertive\" value=\"wpforms-submit\">Enviar<\/button><\/div><\/form><\/div>  <!-- .wpforms-container -->\n","protected":false},"excerpt":{"rendered":"<p>Ficou com alguma d\u00favida, quer fazer algum coment\u00e1rio, ou falar sobre qualquer outro assunto? Entre em contato comigo diretamente pelo e-mail vinicosta@saladejustica.com.br. Se preferir, acesse&#8230;<\/p>\n<div class=\"more-link-wrapper\"><a class=\"more-link\" href=\"https:\/\/saladejustica.com.br\/blog\/contato\/\">Continue lendo<span class=\"screen-reader-text\">Contato<\/span><\/a><\/div>\n","protected":false},"author":1,"featured_media":0,"parent":0,"menu_order":0,"comment_status":"closed","ping_status":"closed","template":"","meta":{"footnotes":""},"class_list":["post-23","page","type-page","status-publish","hentry","entry"],"_links":{"self":[{"href":"https:\/\/saladejustica.com.br\/blog\/wp-json\/wp\/v2\/pages\/23","targetHints":{"allow":["GET"]}}],"collection":[{"href":"https:\/\/saladejustica.com.br\/blog\/wp-json\/wp\/v2\/pages"}],"about":[{"href":"https:\/\/saladejustica.com.br\/blog\/wp-json\/wp\/v2\/types\/page"}],"author":[{"embeddable":true,"href":"https:\/\/saladejustica.com.br\/blog\/wp-json\/wp\/v2\/users\/1"}],"replies":[{"embeddable":true,"href":"https:\/\/saladejustica.com.br\/blog\/wp-json\/wp\/v2\/comments?post=23"}],"version-history":[{"count":8,"href":"https:\/\/saladejustica.com.br\/blog\/wp-json\/wp\/v2\/pages\/23\/revisions"}],"predecessor-version":[{"id":660,"href":"https:\/\/saladejustica.com.br\/blog\/wp-json\/wp\/v2\/pages\/23\/revisions\/660"}],"wp:attachment":[{"href":"https:\/\/saladejustica.com.br\/blog\/wp-json\/wp\/v2\/media?parent=23"}],"curies":[{"name":"wp","href":"https:\/\/api.w.org\/{rel}","templated":true}]}}